{"id":1579,"date":"2022-03-31T10:30:08","date_gmt":"2022-03-31T08:30:08","guid":{"rendered":"https:\/\/www.hotel-mediteran.com\/contact\/"},"modified":"2023-12-22T14:01:35","modified_gmt":"2023-12-22T13:01:35","slug":"contact","status":"publish","type":"page","link":"https:\/\/www.hotel-mediteran.com\/sq\/contact\/","title":{"rendered":"Kontaktoni"},"content":{"rendered":"\n<h1 class=\"wp-block-heading has-medium-font-size\">Mos ngurroni t\u00eb na kontaktoni!<\/h1>\n\n\n\n<div style=\"height:30px\" aria-hidden=\"true\" class=\"wp-block-spacer\"><\/div>\n\n\n\n<h2 class=\"wp-block-heading has-medium-font-size\">Ekipi yn\u00eb n\u00eb The New Hotel Mediteran &#8211; Villa Edition do t&#8217;ju ndihmoj\u00eb!<\/h2>\n\n\n\n<figure class=\"wp-block-image size-full\"><img loading=\"lazy\" decoding=\"async\" width=\"20\" height=\"20\" src=\"https:\/\/www.hotel-mediteran.com\/wp-content\/uploads\/2023\/12\/image.png\" alt=\"\" class=\"wp-image-3051\"\/><\/figure>\n\n\n\n<div style=\"height:24px\" aria-hidden=\"true\" class=\"wp-block-spacer\"><\/div>\n\n\n\n<h1 class=\"wp-block-heading has-medium-font-size\"><a href=\"https:\/\/www.hotel-mediteran.com\/sq\/contact\/\" data-type=\"link\" data-id=\"https:\/\/www.hotel-mediteran.com\/sq\/contact\/\">Do t\u00eb ishte k\u00ebnaq\u00ebsi n\u00ebse do t\u00eb ndanit p\u00ebrvoj\u00ebn tuaj me ne!<\/a><\/h1>\n\n\n\n<div style=\"height:30px\" aria-hidden=\"true\" class=\"wp-block-spacer\"><\/div>\n\n\n\n<ul class=\"wp-block-social-links is-horizontal is-layout-flex wp-block-social-links-is-layout-flex\"><li class=\"wp-social-link wp-social-link-google  wp-block-social-link\"><a href=\"https:\/\/www.google.rs\/travel\/hotels\/entity\/ChoIyJmX_oXIi4_jARoNL2cvMTF0M2d4ejZmcBAB\/reviews?g2lb=2502405%2C4207876%2C4208993%2C4223281%2C4240602%2C4242898%2C4244186%2C4248641%2C4251623%2C4250437&#038;hl=en&#038;gl=rs&#038;un=0&#038;rp=EKP5ouuR5sT-6QEQ4aqboKXKxYwiOAFAAEgC&#038;ictx=1&#038;tcfs=EhoaGAoKMjAxOS0wNC0yNhIKMjAxOS0wNC0yN1IA&#038;sa=X&#038;utm_campaign=sharing&#038;utm_medium=link&#038;utm_source=htls&#038;ts=CAESCgoCCAMKAggDEAAaUQozEi8yJTB4MTM0ZTEzNjcyNjkzMzBkZjoweGY2ZTJhMGE5MmEyYjA5ZmQ6BlVsY2luahoAEhoSFAoHCOcPEAwYDxIHCOcPEAwYEBgBMgIQACoJCgU6A1JTRBoA&#038;ap=MAA&#038;ei=xcPcYrCIMI2ulQbLr76YBA&#038;ved=0CAAQ5JsGahcKEwjg9tiyxI6DAxUAAAAAHQAAAAAQAw\" class=\"wp-block-social-link-anchor\" target=\"_blank\" rel=\"noopener\"><svg width=\"24\" height=\"24\" viewBox=\"0 0 24 24\" version=\"1.1\" xmlns=\"http:\/\/www.w3.org\/2000\/svg\" aria-hidden=\"true\" focusable=\"false\"><path d=\"M12.02,10.18v3.72v0.01h5.51c-0.26,1.57-1.67,4.22-5.5,4.22c-3.31,0-6.01-2.75-6.01-6.12s2.7-6.12,6.01-6.12 c1.87,0,3.13,0.8,3.85,1.48l2.84-2.76C16.99,2.99,14.73,2,12.03,2c-5.52,0-10,4.48-10,10s4.48,10,10,10c5.77,0,9.6-4.06,9.6-9.77 c0-0.83-0.11-1.42-0.25-2.05H12.02z\"><\/path><\/svg><span class=\"wp-block-social-link-label screen-reader-text\">Google<\/span><\/a><\/li>\n\n<li class=\"wp-social-link wp-social-link-tiktok  wp-block-social-link\"><a href=\"https:\/\/www.tiktok.com\/@new_mediteran_ul\" class=\"wp-block-social-link-anchor\" target=\"_blank\" rel=\"noopener\"><svg width=\"24\" height=\"24\" viewBox=\"0 0 32 32\" version=\"1.1\" xmlns=\"http:\/\/www.w3.org\/2000\/svg\" aria-hidden=\"true\" focusable=\"false\"><path d=\"M16.708 0.027c1.745-0.027 3.48-0.011 5.213-0.027 0.105 2.041 0.839 4.12 2.333 5.563 1.491 1.479 3.6 2.156 5.652 2.385v5.369c-1.923-0.063-3.855-0.463-5.6-1.291-0.76-0.344-1.468-0.787-2.161-1.24-0.009 3.896 0.016 7.787-0.025 11.667-0.104 1.864-0.719 3.719-1.803 5.255-1.744 2.557-4.771 4.224-7.88 4.276-1.907 0.109-3.812-0.411-5.437-1.369-2.693-1.588-4.588-4.495-4.864-7.615-0.032-0.667-0.043-1.333-0.016-1.984 0.24-2.537 1.495-4.964 3.443-6.615 2.208-1.923 5.301-2.839 8.197-2.297 0.027 1.975-0.052 3.948-0.052 5.923-1.323-0.428-2.869-0.308-4.025 0.495-0.844 0.547-1.485 1.385-1.819 2.333-0.276 0.676-0.197 1.427-0.181 2.145 0.317 2.188 2.421 4.027 4.667 3.828 1.489-0.016 2.916-0.88 3.692-2.145 0.251-0.443 0.532-0.896 0.547-1.417 0.131-2.385 0.079-4.76 0.095-7.145 0.011-5.375-0.016-10.735 0.025-16.093z\" \/><\/svg><span class=\"wp-block-social-link-label screen-reader-text\">TikTok<\/span><\/a><\/li>\n\n<li class=\"wp-social-link wp-social-link-youtube  wp-block-social-link\"><a href=\"https:\/\/www.youtube.com\/@HotelMediteranUlcinj\" class=\"wp-block-social-link-anchor\" target=\"_blank\" rel=\"noopener\"><svg width=\"24\" height=\"24\" viewBox=\"0 0 24 24\" version=\"1.1\" xmlns=\"http:\/\/www.w3.org\/2000\/svg\" aria-hidden=\"true\" focusable=\"false\"><path d=\"M21.8,8.001c0,0-0.195-1.378-0.795-1.985c-0.76-0.797-1.613-0.801-2.004-0.847c-2.799-0.202-6.997-0.202-6.997-0.202 h-0.009c0,0-4.198,0-6.997,0.202C4.608,5.216,3.756,5.22,2.995,6.016C2.395,6.623,2.2,8.001,2.2,8.001S2,9.62,2,11.238v1.517 c0,1.618,0.2,3.237,0.2,3.237s0.195,1.378,0.795,1.985c0.761,0.797,1.76,0.771,2.205,0.855c1.6,0.153,6.8,0.201,6.8,0.201 s4.203-0.006,7.001-0.209c0.391-0.047,1.243-0.051,2.004-0.847c0.6-0.607,0.795-1.985,0.795-1.985s0.2-1.618,0.2-3.237v-1.517 C22,9.62,21.8,8.001,21.8,8.001z M9.935,14.594l-0.001-5.62l5.404,2.82L9.935,14.594z\"><\/path><\/svg><span class=\"wp-block-social-link-label screen-reader-text\">YouTube<\/span><\/a><\/li>\n\n<li class=\"wp-social-link wp-social-link-facebook  wp-block-social-link\"><a href=\"https:\/\/www.facebook.com\/TheNewMediteran\" class=\"wp-block-social-link-anchor\" target=\"_blank\" rel=\"noopener\"><svg width=\"24\" height=\"24\" viewBox=\"0 0 24 24\" version=\"1.1\" xmlns=\"http:\/\/www.w3.org\/2000\/svg\" aria-hidden=\"true\" focusable=\"false\"><path d=\"M12 2C6.5 2 2 6.5 2 12c0 5 3.7 9.1 8.4 9.9v-7H7.9V12h2.5V9.8c0-2.5 1.5-3.9 3.8-3.9 1.1 0 2.2.2 2.2.2v2.5h-1.3c-1.2 0-1.6.8-1.6 1.6V12h2.8l-.4 2.9h-2.3v7C18.3 21.1 22 17 22 12c0-5.5-4.5-10-10-10z\"><\/path><\/svg><span class=\"wp-block-social-link-label screen-reader-text\">Facebook<\/span><\/a><\/li><\/ul>\n\n\n\n<div style=\"height:32px\" aria-hidden=\"true\" class=\"wp-block-spacer\"><\/div>\n\n\n\n<p style=\"font-size:31px\"><mark style=\"background-color:rgba(0, 0, 0, 0)\" class=\"has-inline-color has-black-color\">Vizitoni &#8220;<a href=\"https:\/\/mne.ul-info.com\/otkrijte-amul-cafe-najnoviji-ulcinjski-kafic-na-maloj-plazi\/\" target=\"_blank\" rel=\"noopener\">Amul&#8221; Cafe<\/a><\/mark>!<\/p>\n\n\n\n<div style=\"height:28px\" aria-hidden=\"true\" class=\"wp-block-spacer\"><\/div>\n\n\n\n<figure class=\"wp-block-image size-large\"><img loading=\"lazy\" decoding=\"async\" width=\"768\" height=\"1024\" src=\"https:\/\/www.hotel-mediteran.com\/wp-content\/uploads\/2023\/12\/20230702_172231-768x1024.jpg\" alt=\"\" class=\"wp-image-2582\" srcset=\"https:\/\/www.hotel-mediteran.com\/wp-content\/uploads\/2023\/12\/20230702_172231-768x1024.jpg 768w, https:\/\/www.hotel-mediteran.com\/wp-content\/uploads\/2023\/12\/20230702_172231-225x300.jpg 225w, https:\/\/www.hotel-mediteran.com\/wp-content\/uploads\/2023\/12\/20230702_172231-1152x1536.jpg 1152w, https:\/\/www.hotel-mediteran.com\/wp-content\/uploads\/2023\/12\/20230702_172231-rotated.jpg 1500w\" sizes=\"auto, (max-width: 768px) 100vw, 768px\" \/><\/figure>\n","protected":false},"excerpt":{"rendered":"<p>Mos ngurroni t\u00eb na kontaktoni! Ekipi yn\u00eb n\u00eb The New Hotel Mediteran &#8211; Villa Edition do t&#8217;ju ndihmoj\u00eb! Do t\u00eb ishte k\u00ebnaq\u00ebsi n\u00ebse do t\u00eb ndanit p\u00ebrvoj\u00ebn tuaj me ne! Vizitoni &#8220;Amul&#8221; Cafe!<\/p>\n","protected":false},"author":1,"featured_media":1863,"parent":0,"menu_order":0,"comment_status":"closed","ping_status":"closed","template":"templates\/template-contact.php","meta":{"rank_math_lock_modified_date":false,"footnotes":""},"class_list":["post-1579","page","type-page","status-publish","has-post-thumbnail","hentry"],"acf":[],"_links":{"self":[{"href":"https:\/\/www.hotel-mediteran.com\/sq\/wp-json\/wp\/v2\/pages\/1579","targetHints":{"allow":["GET"]}}],"collection":[{"href":"https:\/\/www.hotel-mediteran.com\/sq\/wp-json\/wp\/v2\/pages"}],"about":[{"href":"https:\/\/www.hotel-mediteran.com\/sq\/wp-json\/wp\/v2\/types\/page"}],"author":[{"embeddable":true,"href":"https:\/\/www.hotel-mediteran.com\/sq\/wp-json\/wp\/v2\/users\/1"}],"replies":[{"embeddable":true,"href":"https:\/\/www.hotel-mediteran.com\/sq\/wp-json\/wp\/v2\/comments?post=1579"}],"version-history":[{"count":7,"href":"https:\/\/www.hotel-mediteran.com\/sq\/wp-json\/wp\/v2\/pages\/1579\/revisions"}],"predecessor-version":[{"id":3054,"href":"https:\/\/www.hotel-mediteran.com\/sq\/wp-json\/wp\/v2\/pages\/1579\/revisions\/3054"}],"wp:featuredmedia":[{"embeddable":true,"href":"https:\/\/www.hotel-mediteran.com\/sq\/wp-json\/wp\/v2\/media\/1863"}],"wp:attachment":[{"href":"https:\/\/www.hotel-mediteran.com\/sq\/wp-json\/wp\/v2\/media?parent=1579"}],"curies":[{"name":"wp","href":"https:\/\/api.w.org\/{rel}","templated":true}]}}