{"id":1591,"date":"2022-03-31T10:28:40","date_gmt":"2022-03-31T08:28:40","guid":{"rendered":"https:\/\/www.hotel-mediteran.com\/smestaj\/"},"modified":"2023-12-22T13:47:21","modified_gmt":"2023-12-22T12:47:21","slug":"akomodimi","status":"publish","type":"page","link":"https:\/\/www.hotel-mediteran.com\/sq\/akomodimi\/","title":{"rendered":"Dhomat Premium"},"content":{"rendered":"\n<p>Kombinim perfekt i rehatis\u00eb dhe stilit. \u00c7do dhom\u00eb \u00ebsht\u00eb e bollshme dhe e pajisur mir\u00eb, me orendi t\u00eb cil\u00ebsis\u00eb s\u00eb lart\u00eb dhe nj\u00eb gam\u00eb neutrale ngjyrash. Ju do t\u00eb shijoni nj\u00eb gjum\u00eb t\u00eb mir\u00eb n\u00eb shtret\u00ebrit tan\u00eb t\u00eb rehatsh\u00ebm. Dhomat jan\u00eb t\u00eb pajisura me t\u00eb gjitha leht\u00ebsit\u00eb q\u00eb klient\u00ebt kan\u00eb nevoj\u00eb p\u00ebr nj\u00eb q\u00ebndrim t\u00eb rehatsh\u00ebm dhe komod. T\u00eb dizenjuara duke pasur parasysh rehatin\u00eb dhe relaksimin, \u00e7do dhom\u00eb p\u00ebrmban pamje mahnit\u00ebse t\u00eb qytetit ose detit. Kemi shum\u00ebllojshm\u00ebri t\u00eb dhomave p\u00ebr t\u00eb zgjedhur. Pavar\u00ebsisht n\u00ebse jeni duke udh\u00ebtuar p\u00ebr biznes apo p\u00ebr arg\u00ebtim, ne kemi nj\u00eb dhom\u00eb q\u00eb do t\u00eb plot\u00ebsoj\u00eb nevojat tuaja.<\/p>\n\n\n\n<h6 class=\"wp-block-heading\"><a href=\"https:\/\/www.hotel-mediteran.com\/accommodation\/\">The New Hotel Mediteran &#8211; Villa Edition<\/a><\/h6>\n\n\n\n<p><a href=\"https:\/\/mne.ul-info.com\/otkrijte-amul-cafe-najnoviji-ulcinjski-kafic-na-maloj-plazi\/\" target=\"_blank\" rel=\"noopener\">Amul Cafe<\/a> tek The New Hotel Mediteran &#8211; Villa Edition<\/p>\n","protected":false},"excerpt":{"rendered":"<p>Kombinim perfekt i rehatis\u00eb dhe stilit. \u00c7do dhom\u00eb \u00ebsht\u00eb e bollshme dhe e pajisur mir\u00eb, me orendi t\u00eb cil\u00ebsis\u00eb s\u00eb lart\u00eb dhe nj\u00eb gam\u00eb neutrale ngjyrash. Ju do t\u00eb shijoni nj\u00eb gjum\u00eb t\u00eb mir\u00eb n\u00eb shtret\u00ebrit tan\u00eb t\u00eb rehatsh\u00ebm. Dhomat jan\u00eb t\u00eb pajisura me t\u00eb gjitha leht\u00ebsit\u00eb q\u00eb klient\u00ebt kan\u00eb nevoj\u00eb p\u00ebr nj\u00eb q\u00ebndrim t\u00eb [&hellip;]<\/p>\n","protected":false},"author":1,"featured_media":2338,"parent":0,"menu_order":0,"comment_status":"closed","ping_status":"closed","template":"templates\/template-acc.php","meta":{"rank_math_lock_modified_date":false,"footnotes":""},"class_list":["post-1591","page","type-page","status-publish","has-post-thumbnail","hentry"],"acf":[],"_links":{"self":[{"href":"https:\/\/www.hotel-mediteran.com\/sq\/wp-json\/wp\/v2\/pages\/1591","targetHints":{"allow":["GET"]}}],"collection":[{"href":"https:\/\/www.hotel-mediteran.com\/sq\/wp-json\/wp\/v2\/pages"}],"about":[{"href":"https:\/\/www.hotel-mediteran.com\/sq\/wp-json\/wp\/v2\/types\/page"}],"author":[{"embeddable":true,"href":"https:\/\/www.hotel-mediteran.com\/sq\/wp-json\/wp\/v2\/users\/1"}],"replies":[{"embeddable":true,"href":"https:\/\/www.hotel-mediteran.com\/sq\/wp-json\/wp\/v2\/comments?post=1591"}],"version-history":[{"count":12,"href":"https:\/\/www.hotel-mediteran.com\/sq\/wp-json\/wp\/v2\/pages\/1591\/revisions"}],"predecessor-version":[{"id":3055,"href":"https:\/\/www.hotel-mediteran.com\/sq\/wp-json\/wp\/v2\/pages\/1591\/revisions\/3055"}],"wp:featuredmedia":[{"embeddable":true,"href":"https:\/\/www.hotel-mediteran.com\/sq\/wp-json\/wp\/v2\/media\/2338"}],"wp:attachment":[{"href":"https:\/\/www.hotel-mediteran.com\/sq\/wp-json\/wp\/v2\/media?parent=1591"}],"curies":[{"name":"wp","href":"https:\/\/api.w.org\/{rel}","templated":true}]}}